{"id":10,"date":"2013-08-21T09:40:09","date_gmt":"2013-08-21T09:40:09","guid":{"rendered":"http:\/\/dd-vakantie.com\/?page_id=10"},"modified":"2022-01-11T19:21:10","modified_gmt":"2022-01-11T17:21:10","slug":"home","status":"publish","type":"page","link":"https:\/\/dd-vakantie.com\/","title":{"rendered":"Uw accommodatie"},"content":{"rendered":"<p><a href=\"https:\/\/youtu.be\/VWMGp40IjSA\"><strong><img loading=\"lazy\" decoding=\"async\" class=\"alignnone wp-image-286\" src=\"http:\/\/dd-vakantie.com\/wp-content\/uploads\/2015\/12\/Cube.jpg\" alt=\"Cube\" width=\"646\" height=\"430\" srcset=\"https:\/\/dd-vakantie.com\/wp-content\/uploads\/2015\/12\/Cube.jpg 1440w, https:\/\/dd-vakantie.com\/wp-content\/uploads\/2015\/12\/Cube-300x200.jpg 300w, https:\/\/dd-vakantie.com\/wp-content\/uploads\/2015\/12\/Cube-1024x683.jpg 1024w\" sizes=\"auto, (max-width: 646px) 100vw, 646px\" \/><\/strong><\/a><\/p>\n<p><strong>Hartelijk welkom op <\/strong> <a title=\"Naar de website van dd-vakantie\" href=\"http:\/\/www.dd-vakantie.com\" target=\"_blank\" rel=\"noopener noreferrer\"> <strong>Bad Hoophuizen \/Wilg 39<\/strong> <\/a> <span style=\"display: inline !important; float: none; background-color: transparent; color: #141412; cursor: text; font-family: 'Source Sans Pro',Helvetica,sans-serif; font-size: 16px; font-style: normal; font-variant: normal; font-weight: 400; letter-spacing: normal; orphans: 2; text-align: left; text-decoration: none; text-indent: 0px; text-transform: none; -webkit-text-stroke-width: 0px; white-space: normal; word-spacing: 0px;\">Als u op bovenstaande foto klikt krijgt u een <strong>Drone Video<\/strong> opname van onze woning en omgeving te zien.<\/span><\/p>\n<p><em>Herzlich Wilkommen am Bad Hoophuizen\/Wilg39. Wann Sie auf obenstehende Foto klicken bekommen Sie eine Drone Video von unsere Wohnung und Umgebung zu sehen. \u00a0<\/em><\/p>\n<h6><a href=\"http:\/\/dd-vakantie.com\/wp-content\/uploads\/2018\/08\/Pergola-nieuw.jpg\">Recent een nieuwe pergola geplaatst. \/ <em>Neue Pergola installiert.<\/em> <img loading=\"lazy\" decoding=\"async\" class=\"alignnone size-large wp-image-404\" src=\"http:\/\/dd-vakantie.com\/wp-content\/uploads\/2018\/08\/Pergola-nieuw-1024x768.jpg\" alt=\"\" width=\"604\" height=\"453\" srcset=\"https:\/\/dd-vakantie.com\/wp-content\/uploads\/2018\/08\/Pergola-nieuw-1024x768.jpg 1024w, https:\/\/dd-vakantie.com\/wp-content\/uploads\/2018\/08\/Pergola-nieuw-300x225.jpg 300w, https:\/\/dd-vakantie.com\/wp-content\/uploads\/2018\/08\/Pergola-nieuw-768x576.jpg 768w, https:\/\/dd-vakantie.com\/wp-content\/uploads\/2018\/08\/Pergola-nieuw.jpg 1984w\" sizes=\"auto, (max-width: 604px) 100vw, 604px\" \/> <\/a> <a href=\"http:\/\/dd-vakantie.com\/wp-content\/uploads\/2018\/08\/Palmboom.jpg\"> <strong>Zojuist (augustus2018)een extra palmboom geplant. \/ Neue 2e Palmbaum gepflanzt.<\/strong> <img loading=\"lazy\" decoding=\"async\" class=\"alignnone size-large wp-image-406\" src=\"http:\/\/dd-vakantie.com\/wp-content\/uploads\/2018\/08\/Palmboom-1024x768.jpg\" alt=\"\" width=\"604\" height=\"453\" srcset=\"https:\/\/dd-vakantie.com\/wp-content\/uploads\/2018\/08\/Palmboom-1024x768.jpg 1024w, https:\/\/dd-vakantie.com\/wp-content\/uploads\/2018\/08\/Palmboom-300x225.jpg 300w, https:\/\/dd-vakantie.com\/wp-content\/uploads\/2018\/08\/Palmboom-768x576.jpg 768w, https:\/\/dd-vakantie.com\/wp-content\/uploads\/2018\/08\/Palmboom.jpg 1984w\" sizes=\"auto, (max-width: 604px) 100vw, 604px\" \/> <\/a><\/h6>\n<p><strong>Nu met optie voor Hotelfuncties zoals: Opgemaakte bedden, handdoeken\/keukendoeken\/douche-gels\/<\/strong><strong><span style=\"\">Pizza en ontbijt bezorging.<\/span><a href=\"http:\/\/dd-vakantie.com\/wp-content\/uploads\/2018\/03\/Wilg39-keukenpakket.jpg\"><img loading=\"lazy\" decoding=\"async\" class=\"wp-image-384 alignright\" src=\"http:\/\/dd-vakantie.com\/wp-content\/uploads\/2018\/03\/Wilg39-keukenpakket.jpg\" alt=\"\" width=\"135\" height=\"101\" srcset=\"https:\/\/dd-vakantie.com\/wp-content\/uploads\/2018\/03\/Wilg39-keukenpakket.jpg 1984w, https:\/\/dd-vakantie.com\/wp-content\/uploads\/2018\/03\/Wilg39-keukenpakket-300x225.jpg 300w, https:\/\/dd-vakantie.com\/wp-content\/uploads\/2018\/03\/Wilg39-keukenpakket-768x576.jpg 768w, https:\/\/dd-vakantie.com\/wp-content\/uploads\/2018\/03\/Wilg39-keukenpakket-1024x768.jpg 1024w\" sizes=\"auto, (max-width: 135px) 100vw, 135px\" \/><\/a><a href=\"http:\/\/dd-vakantie.com\/wp-content\/uploads\/2018\/03\/Wilg39-amenities.jpg\"><img loading=\"lazy\" decoding=\"async\" class=\"wp-image-383 alignleft\" src=\"http:\/\/dd-vakantie.com\/wp-content\/uploads\/2018\/03\/Wilg39-amenities.jpg\" alt=\"\" width=\"123\" height=\"92\" srcset=\"https:\/\/dd-vakantie.com\/wp-content\/uploads\/2018\/03\/Wilg39-amenities.jpg 1984w, https:\/\/dd-vakantie.com\/wp-content\/uploads\/2018\/03\/Wilg39-amenities-300x225.jpg 300w, https:\/\/dd-vakantie.com\/wp-content\/uploads\/2018\/03\/Wilg39-amenities-768x576.jpg 768w, https:\/\/dd-vakantie.com\/wp-content\/uploads\/2018\/03\/Wilg39-amenities-1024x768.jpg 1024w\" sizes=\"auto, (max-width: 123px) 100vw, 123px\" \/><\/a><\/strong><\/p>\n<p><em>Jetz mit Option f\u00fcr Hotelservice. Aufgemachte Betten, Hand-und Kuechent\u00fccher\/Showergels. Pizza und Fr\u00fchst\u00fcck besorgung.<\/em><\/p>\n<p>Hier ziet u onze recreatiewoning die direct aan het Veluwemeer ligt. U krijgt uw eigen priv\u00e9 strandje en veel privacy. U heeft onbelemmerd uitzicht over het meer.<\/p>\n<p>KLIK ook\u00a0op onderstaande FOTO en u krijgt een video te zien van Wilg 39 bij avondlicht, uitzicht en omgeving. <em>Klick auf unterstehende Foto und Sie sehen ein Video beim Abendlicht.<\/em><\/p>\n<p><a href=\"https:\/\/youtu.be\/OX87U8e87YE\"><img loading=\"lazy\" decoding=\"async\" class=\"alignnone size-full wp-image-317\" src=\"http:\/\/dd-vakantie.com\/wp-content\/uploads\/2013\/08\/Drone-opname.jpg\" alt=\"Drone opname\" width=\"1024\" height=\"576\" srcset=\"https:\/\/dd-vakantie.com\/wp-content\/uploads\/2013\/08\/Drone-opname.jpg 1024w, https:\/\/dd-vakantie.com\/wp-content\/uploads\/2013\/08\/Drone-opname-300x169.jpg 300w, https:\/\/dd-vakantie.com\/wp-content\/uploads\/2013\/08\/Drone-opname-768x432.jpg 768w\" sizes=\"auto, (max-width: 1024px) 100vw, 1024px\" \/><\/a><\/p>\n<p>U heeft 3 terrassen. Zie onderstaande foto&#8217;s.<\/p>\n<p><a href=\"http:\/\/dd-vakantie.com\/wp-content\/uploads\/2015\/12\/Cube-7.jpg\"><img loading=\"lazy\" decoding=\"async\" class=\"wp-image-298 alignleft\" src=\"http:\/\/dd-vakantie.com\/wp-content\/uploads\/2015\/12\/Cube-7.jpg\" alt=\"Kubus-7\" width=\"410\" height=\"273\" srcset=\"https:\/\/dd-vakantie.com\/wp-content\/uploads\/2015\/12\/Cube-7.jpg 1024w, https:\/\/dd-vakantie.com\/wp-content\/uploads\/2015\/12\/Cube-7-300x200.jpg 300w\" sizes=\"auto, (max-width: 410px) 100vw, 410px\" \/><\/a><a href=\"http:\/\/dd-vakantie.com\/wp-content\/uploads\/2015\/12\/Cube-5.jpg\"><img loading=\"lazy\" decoding=\"async\" class=\"wp-image-295 alignright\" src=\"http:\/\/dd-vakantie.com\/wp-content\/uploads\/2015\/12\/Cube-5.jpg\" alt=\"Kubus-5\" width=\"228\" height=\"152\" srcset=\"https:\/\/dd-vakantie.com\/wp-content\/uploads\/2015\/12\/Cube-5.jpg 1024w, https:\/\/dd-vakantie.com\/wp-content\/uploads\/2015\/12\/Cube-5-300x200.jpg 300w\" sizes=\"auto, (max-width: 228px) 100vw, 228px\" \/><\/a><\/p>\n<p><a href=\"http:\/\/dd-vakantie.com\/wp-content\/uploads\/2015\/12\/Cube-6.jpg\"><img loading=\"lazy\" decoding=\"async\" class=\"alignnone wp-image-290\" src=\"http:\/\/dd-vakantie.com\/wp-content\/uploads\/2015\/12\/Cube-6.jpg\" alt=\"Cube-6\" width=\"405\" height=\"270\" srcset=\"https:\/\/dd-vakantie.com\/wp-content\/uploads\/2015\/12\/Cube-6.jpg 1024w, https:\/\/dd-vakantie.com\/wp-content\/uploads\/2015\/12\/Cube-6-300x200.jpg 300w\" sizes=\"auto, (max-width: 405px) 100vw, 405px\" \/><\/a><a href=\"http:\/\/dd-vakantie.com\/wp-content\/uploads\/2018\/08\/Vuurtoren-gereed.jpg\"><img loading=\"lazy\" decoding=\"async\" class=\"alignnone size-large wp-image-405\" src=\"http:\/\/dd-vakantie.com\/wp-content\/uploads\/2018\/08\/Vuurtoren-gereed-1024x768.jpg\" alt=\"\" width=\"604\" height=\"453\" srcset=\"https:\/\/dd-vakantie.com\/wp-content\/uploads\/2018\/08\/Vuurtoren-gereed-1024x768.jpg 1024w, https:\/\/dd-vakantie.com\/wp-content\/uploads\/2018\/08\/Vuurtoren-gereed-300x225.jpg 300w, https:\/\/dd-vakantie.com\/wp-content\/uploads\/2018\/08\/Vuurtoren-gereed-768x576.jpg 768w, https:\/\/dd-vakantie.com\/wp-content\/uploads\/2018\/08\/Vuurtoren-gereed.jpg 1984w\" sizes=\"auto, (max-width: 604px) 100vw, 604px\" \/> Vuurtoren op ons eigen strandje. &#8216;s Avonds verlicht. \/<em>Leuchtturm. Abends mit Licht<\/em><\/a><\/p>\n<p><a href=\"http:\/\/dd-vakantie.com\/wp-content\/uploads\/2013\/08\/Fietsenstalling-met-stroom.jpg\"><img loading=\"lazy\" decoding=\"async\" class=\"alignnone wp-image-344\" src=\"http:\/\/dd-vakantie.com\/wp-content\/uploads\/2013\/08\/Fietsenstalling-met-stroom.jpg\" alt=\"E-bike stalling met elektra.\" width=\"247\" height=\"139\" srcset=\"https:\/\/dd-vakantie.com\/wp-content\/uploads\/2013\/08\/Fietsenstalling-met-stroom.jpg 1024w, https:\/\/dd-vakantie.com\/wp-content\/uploads\/2013\/08\/Fietsenstalling-met-stroom-300x168.jpg 300w, https:\/\/dd-vakantie.com\/wp-content\/uploads\/2013\/08\/Fietsenstalling-met-stroom-768x431.jpg 768w\" sizes=\"auto, (max-width: 247px) 100vw, 247px\" \/><\/a>\u00a0\u00a0\u00a0\u00a0\u00a0\u00a0\u00a0\u00a0\u00a0\u00a0\u00a0\u00a0\u00a0\u00a0\u00a0 <a href=\"http:\/\/dd-vakantie.com\/wp-content\/uploads\/2013\/08\/Berging-voor-kussens-en-fietsen.jpg\"><img loading=\"lazy\" decoding=\"async\" class=\"alignnone wp-image-345\" src=\"http:\/\/dd-vakantie.com\/wp-content\/uploads\/2013\/08\/Berging-voor-kussens-en-fietsen.jpg\" alt=\"\" width=\"257\" height=\"144\" srcset=\"https:\/\/dd-vakantie.com\/wp-content\/uploads\/2013\/08\/Berging-voor-kussens-en-fietsen.jpg 1024w, https:\/\/dd-vakantie.com\/wp-content\/uploads\/2013\/08\/Berging-voor-kussens-en-fietsen-300x168.jpg 300w, https:\/\/dd-vakantie.com\/wp-content\/uploads\/2013\/08\/Berging-voor-kussens-en-fietsen-768x431.jpg 768w\" sizes=\"auto, (max-width: 257px) 100vw, 257px\" \/><\/a><a href=\"http:\/\/dd-vakantie.com\/wp-content\/uploads\/2015\/12\/Cube-6.jpg\">\u00a0\u00a0\u00a0\u00a0\u00a0\u00a0\u00a0<\/a><\/p>\n<p>Een ruime fietsenstalling met 2 stopcontacten voor opladen van E-bikes + een ruime berging voor onze tuinmeubelkussens en uw persoonlijke spullen.\/ <em>Fahrradstand mit Steckdosen f\u00fcr E-Bikes + ger\u00e4umige Abstellraum f\u00fcr Gartenm\u00f6belpolster und Ihre pers\u00f6nliche\u00a0 Sachen<\/em><\/p>\n<p>De woning ligt geheel links aan het einde van het park. Zie hiervoor de onderstaande luchtfoto.\u00a0Het adres is Wilg 39. \/ <em>Die Wohnung liegt ganz links am Ende der Park. Bitte kucken Sie die unterstehende Luftaufnahme an.<\/em><\/p>\n<p><strong>Onze woning is ROOKVRIJ en HUISDIEREN zijn niet toegestaan<\/strong><em><strong>.\/ <\/strong><strong>Unsere Wohnung ist RAUCHFREI und HAUSTIERE sind nicht gestattet<\/strong><\/em><\/p>\n<p>Ons e-mailadres is <a href=\"mailto:dl.vanbarneveld@telfort.nl\">dl.vanbarneveld@telfort.nl<\/a> , mobiel.nr. 06-10906104 voor informatie. Wij wensen u alvast een fijne vakantie. <a href=\"http:\/\/dd-vakantie.com\/wp-content\/uploads\/2018\/01\/DD-site.jpg\"><img loading=\"lazy\" decoding=\"async\" class=\"wp-image-367 alignnone\" src=\"http:\/\/dd-vakantie.com\/wp-content\/uploads\/2018\/01\/DD-site.jpg\" alt=\"\" width=\"160\" height=\"111\" srcset=\"https:\/\/dd-vakantie.com\/wp-content\/uploads\/2018\/01\/DD-site.jpg 2622w, https:\/\/dd-vakantie.com\/wp-content\/uploads\/2018\/01\/DD-site-300x208.jpg 300w, https:\/\/dd-vakantie.com\/wp-content\/uploads\/2018\/01\/DD-site-768x532.jpg 768w, https:\/\/dd-vakantie.com\/wp-content\/uploads\/2018\/01\/DD-site-1024x709.jpg 1024w\" sizes=\"auto, (max-width: 160px) 100vw, 160px\" \/> Wir w\u00fcnsche Sie einen sch\u00f6ne Ferien.<\/a><\/p>\n<p>Vriendelijke groeten van Dienke &amp; Dick van Barneveld<\/p>\n<p><a href=\"http:\/\/dd-vakantie.com\/wp-content\/uploads\/2013\/08\/Parkoverzicht.jpg\"><img loading=\"lazy\" decoding=\"async\" class=\"alignnone size-full wp-image-26\" src=\"http:\/\/dd-vakantie.com\/wp-content\/uploads\/2013\/08\/Parkoverzicht.jpg\" alt=\"Parkoverzicht\" width=\"4000\" height=\"1509\" srcset=\"https:\/\/dd-vakantie.com\/wp-content\/uploads\/2013\/08\/Parkoverzicht.jpg 4000w, https:\/\/dd-vakantie.com\/wp-content\/uploads\/2013\/08\/Parkoverzicht-300x113.jpg 300w, https:\/\/dd-vakantie.com\/wp-content\/uploads\/2013\/08\/Parkoverzicht-1024x386.jpg 1024w\" sizes=\"auto, (max-width: 4000px) 100vw, 4000px\" \/><\/a><\/p>\n<p>Doordat het Veluwemeer ondiep is langs de kustlijn is dit veilig voor kleine kinderen en voor surfers die makkelijk op hun surfplank klimmen na een valpartij.\/<em> Das Veluwemeer ist untief am K\u00fcstelinie und darum sicherer f\u00fcr kleine Kinder. Gem\u00fctlich f\u00fcr Surfer.\u00a0<\/em><\/p>\n<p>Rondom de woning heeft u maar liefst 3 terrassen met prachtig uitzicht. Twee terrassen (voor en achterzijde)met comfortabele stoelen en tafels voor 6 personen.\/<em>Sie haben 3 Terrassen mit wunderbares Aussicht, 2 Terrassen mit\u00a0 komfortabel M\u00f6bel f\u00fcr 6 Personen. <\/em><\/p>\n<p>Op het 3e terras een luxe Lounge set met\u00a0los staande buitenhaard. De Varelse beek loopt achter onze woning langs\u00a0zodat u daar optimaal privacy heeft.\/ <em>Am 3e Terras eine Loungeset. Der Varelse Bach stromt an der hinterseite und Sie haben optimaal Privacy.<\/em><\/p>\n<p>De royale living heeft een prachtige lichtinval en alles voor gerieflijk en gezellig ontspannen. U heeft kabel TV in de woonkamer en Masterbedroom en<strong> WiFi (gratis) in- en rondom de woning<\/strong>.\u00a0\u00a0Door het grote glasoppervlak een bijzonder mooi uitzicht over het Veluwemeer. U zult zich geen moment vervelen.<\/p>\n<p><a href=\"http:\/\/dd-vakantie.com\/wp-content\/uploads\/2019\/10\/IMG_20190924_122001.jpg\"><img loading=\"lazy\" decoding=\"async\" class=\"alignnone  wp-image-462\" src=\"http:\/\/dd-vakantie.com\/wp-content\/uploads\/2019\/10\/IMG_20190924_122001-1024x768.jpg\" alt=\"\" width=\"579\" height=\"434\" srcset=\"https:\/\/dd-vakantie.com\/wp-content\/uploads\/2019\/10\/IMG_20190924_122001-1024x768.jpg 1024w, https:\/\/dd-vakantie.com\/wp-content\/uploads\/2019\/10\/IMG_20190924_122001-300x225.jpg 300w, https:\/\/dd-vakantie.com\/wp-content\/uploads\/2019\/10\/IMG_20190924_122001-768x576.jpg 768w\" sizes=\"auto, (max-width: 579px) 100vw, 579px\" \/><\/a><\/p>\n<blockquote>\n<pre><strong><a href=\"http:\/\/dd-vakantie.com\/wp-content\/uploads\/2018\/08\/TV-met-decoratie-e1535642154627.jpg\"><img loading=\"lazy\" decoding=\"async\" class=\"alignnone  wp-image-411\" src=\"http:\/\/dd-vakantie.com\/wp-content\/uploads\/2018\/08\/TV-met-decoratie-768x1024.jpg\" alt=\"\" width=\"217\" height=\"289\" \/><\/a><a href=\"http:\/\/dd-vakantie.com\/wp-content\/uploads\/2013\/08\/Wijng-slider.jpg\">Recent nieuw kastje en TV (smart) ge\u00efnstalleerd.\/<\/a><\/strong><strong> Smart TV mit DVD. \u00a0 \u00a0<\/strong><\/pre>\n<h6>Een fraai uitgevoerde keuken voorzien van alle gemakken, o.a. vaatwasser, combi-oven, etc.<\/h6>\n<\/blockquote>\n<p><a href=\"http:\/\/dd-vakantie.com\/wp-content\/uploads\/2019\/10\/IMG_20190924_122045.jpg\"><img loading=\"lazy\" decoding=\"async\" class=\"alignnone size-large wp-image-464\" src=\"http:\/\/dd-vakantie.com\/wp-content\/uploads\/2019\/10\/IMG_20190924_122045-1024x768.jpg\" alt=\"\" width=\"604\" height=\"453\" srcset=\"https:\/\/dd-vakantie.com\/wp-content\/uploads\/2019\/10\/IMG_20190924_122045-1024x768.jpg 1024w, https:\/\/dd-vakantie.com\/wp-content\/uploads\/2019\/10\/IMG_20190924_122045-300x225.jpg 300w, https:\/\/dd-vakantie.com\/wp-content\/uploads\/2019\/10\/IMG_20190924_122045-768x576.jpg 768w\" sizes=\"auto, (max-width: 604px) 100vw, 604px\" \/><\/a><span style=\"\">Bij de keuken is er nog een deur naar het terras aan de achterzijde voor ontbijten in het zonnetje. \/ <em>T\u00fcr zum Terras am hinterseite. Fr\u00fcst\u00fcck in der Sonne.<\/em><\/span><\/p>\n<p><a href=\"http:\/\/dd-vakantie.com\/wp-content\/uploads\/2019\/10\/IMG_20190924_122143.jpg\"><img loading=\"lazy\" decoding=\"async\" class=\"alignnone  wp-image-467\" src=\"http:\/\/dd-vakantie.com\/wp-content\/uploads\/2019\/10\/IMG_20190924_122143-1024x768.jpg\" alt=\"\" width=\"313\" height=\"235\" srcset=\"https:\/\/dd-vakantie.com\/wp-content\/uploads\/2019\/10\/IMG_20190924_122143-1024x768.jpg 1024w, https:\/\/dd-vakantie.com\/wp-content\/uploads\/2019\/10\/IMG_20190924_122143-300x225.jpg 300w, https:\/\/dd-vakantie.com\/wp-content\/uploads\/2019\/10\/IMG_20190924_122143-768x576.jpg 768w\" sizes=\"auto, (max-width: 313px) 100vw, 313px\" \/> 180 graden Vrij uitzicht op Veluwemeer<\/a><\/p>\n<p>De woning heeft 2 slaapkamers, beide voorzien van comfortabele matrassen 90&#215;200. De Master bedroom heeft 2 gekoppelde boxsprings, de 2e slaapkamer heeft 2 stapelbedden. Totaal kunnen er dus 6 personen verblijven. Een apart toilet in de hal en een luxe badkamer maken het compleet.<\/p>\n<p><a href=\"http:\/\/dd-vakantie.com\/wp-content\/uploads\/2015\/12\/Cube-8.jpg\"><img loading=\"lazy\" decoding=\"async\" class=\"alignnone wp-image-289\" src=\"http:\/\/dd-vakantie.com\/wp-content\/uploads\/2015\/12\/Cube-8.jpg\" alt=\"Cube-8\" width=\"259\" height=\"172\" srcset=\"https:\/\/dd-vakantie.com\/wp-content\/uploads\/2015\/12\/Cube-8.jpg 1024w, https:\/\/dd-vakantie.com\/wp-content\/uploads\/2015\/12\/Cube-8-300x200.jpg 300w\" sizes=\"auto, (max-width: 259px) 100vw, 259px\" \/><\/a>\u00a0\u00a0\u00a0\u00a0\u00a0 <a href=\"http:\/\/dd-vakantie.com\/wp-content\/uploads\/2015\/12\/Cube-9.jpg\"><img loading=\"lazy\" decoding=\"async\" class=\"alignnone wp-image-291\" src=\"http:\/\/dd-vakantie.com\/wp-content\/uploads\/2015\/12\/Cube-9.jpg\" alt=\"Cube-9\" width=\"250\" height=\"167\" srcset=\"https:\/\/dd-vakantie.com\/wp-content\/uploads\/2015\/12\/Cube-9.jpg 1024w, https:\/\/dd-vakantie.com\/wp-content\/uploads\/2015\/12\/Cube-9-300x200.jpg 300w\" sizes=\"auto, (max-width: 250px) 100vw, 250px\" \/><\/a><\/p>\n<p>Luxe badkamer en apart toilet op de gang\/<em>Badezimmer und gesonderte Toilette im Gang.<\/em><\/p>\n<p><a href=\"http:\/\/dd-vakantie.com\/wp-content\/uploads\/2019\/10\/IMG_20190924_122253.jpg\"><img loading=\"lazy\" decoding=\"async\" class=\"alignnone  wp-image-469\" src=\"http:\/\/dd-vakantie.com\/wp-content\/uploads\/2019\/10\/IMG_20190924_122253-1024x768.jpg\" alt=\"\" width=\"235\" height=\"176\" srcset=\"https:\/\/dd-vakantie.com\/wp-content\/uploads\/2019\/10\/IMG_20190924_122253-1024x768.jpg 1024w, https:\/\/dd-vakantie.com\/wp-content\/uploads\/2019\/10\/IMG_20190924_122253-300x225.jpg 300w, https:\/\/dd-vakantie.com\/wp-content\/uploads\/2019\/10\/IMG_20190924_122253-768x576.jpg 768w\" sizes=\"auto, (max-width: 235px) 100vw, 235px\" \/><\/a>\u00a0\u00a0\u00a0\u00a0 <a href=\"http:\/\/dd-vakantie.com\/wp-content\/uploads\/2015\/12\/Cube-10.jpg\"><img loading=\"lazy\" decoding=\"async\" class=\"alignnone wp-image-292\" src=\"http:\/\/dd-vakantie.com\/wp-content\/uploads\/2015\/12\/Cube-10.jpg\" alt=\"Cube-10\" width=\"273\" height=\"182\" srcset=\"https:\/\/dd-vakantie.com\/wp-content\/uploads\/2015\/12\/Cube-10.jpg 1024w, https:\/\/dd-vakantie.com\/wp-content\/uploads\/2015\/12\/Cube-10-300x200.jpg 300w\" sizes=\"auto, (max-width: 273px) 100vw, 273px\" \/><\/a><\/p>\n<p>Masterbedroom met hang- en legkast.\u00a0\u00a0\u00a0\u00a0\u00a0\u00a0\u00a0\u00a0\u00a0\u00a0 2e slaapkamer met 4 bedden en inbouwkast<\/p>\n<p><strong>Surfen en vissen vanaf uw eigen strand\u00a0en steiger.<\/strong><\/p>\n<blockquote>\n<p><a href=\"http:\/\/dd-vakantie.com\/wp-content\/uploads\/2013\/08\/Surf-eigenstrand-web.jpg\"><img loading=\"lazy\" decoding=\"async\" class=\"alignnone size-full wp-image-123\" src=\"http:\/\/dd-vakantie.com\/wp-content\/uploads\/2013\/08\/Surf-eigenstrand-web.jpg\" alt=\"Surf-eigenstrand-web\" width=\"152\" height=\"114\" srcset=\"https:\/\/dd-vakantie.com\/wp-content\/uploads\/2013\/08\/Surf-eigenstrand-web.jpg 448w, https:\/\/dd-vakantie.com\/wp-content\/uploads\/2013\/08\/Surf-eigenstrand-web-300x224.jpg 300w\" sizes=\"auto, (max-width: 152px) 100vw, 152px\" \/><\/a>\u00a0\u00a0\u00a0\u00a0 \u00a0<a href=\"http:\/\/dd-vakantie.com\/wp-content\/uploads\/2013\/08\/Strandvissen-zip.jpg\"><img loading=\"lazy\" decoding=\"async\" class=\"alignnone size-medium wp-image-148\" src=\"http:\/\/dd-vakantie.com\/wp-content\/uploads\/2013\/08\/Strandvissen-zip-300x199.jpg\" alt=\"Strandvissen-zip\" width=\"168\" height=\"109\" \/><\/a>\u00a0\u00a0 \u00a0<a href=\"http:\/\/dd-vakantie.com\/wp-content\/uploads\/2013\/08\/Vissen-web1.jpg\"><img loading=\"lazy\" decoding=\"async\" class=\"alignnone size-medium wp-image-116\" src=\"http:\/\/dd-vakantie.com\/wp-content\/uploads\/2013\/08\/Vissen-web1-300x229.jpg\" alt=\"Vissen-web\" width=\"147\" height=\"123\" \/><\/a><\/p>\n<p><strong>&#8216;s Morgens bij het ontbijt krijgt u gezelschap van de Witte Reiger en Zwanen op uw eigen strand. Puur natuur.<a href=\"http:\/\/dd-vakantie.com\/wp-content\/uploads\/2013\/08\/Witte-reiger-en-zwanen-aan-het-ontbijt.jpg\"><img loading=\"lazy\" decoding=\"async\" class=\"alignnone size-medium wp-image-168\" src=\"http:\/\/dd-vakantie.com\/wp-content\/uploads\/2013\/08\/Witte-reiger-en-zwanen-aan-het-ontbijt-300x222.jpg\" alt=\"Witte reiger en zwanen aan het ontbijt\" width=\"414\" height=\"262\" \/><\/a><\/strong><\/p>\n<p><strong>Met uw sloep of boot aanleggen aan uw eigen priv\u00e9strand.<\/strong><\/p>\n<p><a href=\"http:\/\/dd-vakantie.com\/wp-content\/uploads\/2013\/08\/Sloep-strandje.jpg\"><img loading=\"lazy\" decoding=\"async\" class=\"alignnone size-full wp-image-65\" src=\"http:\/\/dd-vakantie.com\/wp-content\/uploads\/2013\/08\/Sloep-strandje.jpg\" alt=\"Sloep-strandje\" width=\"448\" height=\"336\" srcset=\"https:\/\/dd-vakantie.com\/wp-content\/uploads\/2013\/08\/Sloep-strandje.jpg 448w, https:\/\/dd-vakantie.com\/wp-content\/uploads\/2013\/08\/Sloep-strandje-300x224.jpg 300w\" sizes=\"auto, (max-width: 448px) 100vw, 448px\" \/><\/a><\/p>\n<\/blockquote>\n<p>Ook in de winter is het hier prachtig.\u00a0 In Elburg werd zelfs de NK Marathon Natuurijs verreden.\/ <em>Auch im Winter ist es sehr sch\u00f6n.<\/em><\/p>\n<blockquote>\n<p><a href=\"http:\/\/dd-vakantie.com\/wp-content\/uploads\/2013\/08\/Winterpracht-web1.jpg\"><img loading=\"lazy\" decoding=\"async\" class=\"alignnone size-full wp-image-126\" src=\"http:\/\/dd-vakantie.com\/wp-content\/uploads\/2013\/08\/Winterpracht-web1.jpg\" alt=\"Winterpracht-web\" width=\"1024\" height=\"762\" srcset=\"https:\/\/dd-vakantie.com\/wp-content\/uploads\/2013\/08\/Winterpracht-web1.jpg 1024w, https:\/\/dd-vakantie.com\/wp-content\/uploads\/2013\/08\/Winterpracht-web1-300x223.jpg 300w\" sizes=\"auto, (max-width: 1024px) 100vw, 1024px\" \/><\/a><\/p>\n<\/blockquote>\n\n\n<figure class=\"wp-block-image size-large\"><img loading=\"lazy\" decoding=\"async\" width=\"1024\" height=\"768\" src=\"http:\/\/dd-vakantie.com\/wp-content\/uploads\/2021\/02\/Winter-febr.2021-1-1024x768.jpg\" alt=\"\" class=\"wp-image-530\" srcset=\"https:\/\/dd-vakantie.com\/wp-content\/uploads\/2021\/02\/Winter-febr.2021-1-1024x768.jpg 1024w, https:\/\/dd-vakantie.com\/wp-content\/uploads\/2021\/02\/Winter-febr.2021-1-300x225.jpg 300w, https:\/\/dd-vakantie.com\/wp-content\/uploads\/2021\/02\/Winter-febr.2021-1-768x576.jpg 768w, https:\/\/dd-vakantie.com\/wp-content\/uploads\/2021\/02\/Winter-febr.2021-1-1536x1152.jpg 1536w, https:\/\/dd-vakantie.com\/wp-content\/uploads\/2021\/02\/Winter-febr.2021-1-2048x1536.jpg 2048w\" sizes=\"auto, (max-width: 1024px) 100vw, 1024px\" \/><figcaption><strong>Winter in februari 2021<\/strong><br><\/figcaption><\/figure>\n","protected":false},"excerpt":{"rendered":"<p>Hartelijk welkom op Bad Hoophuizen \/Wilg 39 Als u op bovenstaande foto klikt krijgt u een Drone Video opname van onze woning en omgeving te zien. Herzlich Wilkommen am Bad Hoophuizen\/Wilg39. Wann Sie auf obenstehende Foto klicken bekommen Sie eine Drone Video von unsere Wohnung und Umgebung zu sehen. \u00a0 Recent een nieuwe pergola geplaatst. &hellip; <a href=\"https:\/\/dd-vakantie.com\/\" class=\"more-link\">Continue reading <span class=\"screen-reader-text\">Uw accommodatie<\/span> <span class=\"meta-nav\">&rarr;<\/span><\/a><\/p>\n","protected":false},"author":1,"featured_media":0,"parent":0,"menu_order":0,"comment_status":"closed","ping_status":"closed","template":"","meta":{"footnotes":""},"class_list":["post-10","page","type-page","status-publish","hentry"],"_links":{"self":[{"href":"https:\/\/dd-vakantie.com\/index.php?rest_route=\/wp\/v2\/pages\/10","targetHints":{"allow":["GET"]}}],"collection":[{"href":"https:\/\/dd-vakantie.com\/index.php?rest_route=\/wp\/v2\/pages"}],"about":[{"href":"https:\/\/dd-vakantie.com\/index.php?rest_route=\/wp\/v2\/types\/page"}],"author":[{"embeddable":true,"href":"https:\/\/dd-vakantie.com\/index.php?rest_route=\/wp\/v2\/users\/1"}],"replies":[{"embeddable":true,"href":"https:\/\/dd-vakantie.com\/index.php?rest_route=%2Fwp%2Fv2%2Fcomments&post=10"}],"version-history":[{"count":70,"href":"https:\/\/dd-vakantie.com\/index.php?rest_route=\/wp\/v2\/pages\/10\/revisions"}],"predecessor-version":[{"id":567,"href":"https:\/\/dd-vakantie.com\/index.php?rest_route=\/wp\/v2\/pages\/10\/revisions\/567"}],"wp:attachment":[{"href":"https:\/\/dd-vakantie.com\/index.php?rest_route=%2Fwp%2Fv2%2Fmedia&parent=10"}],"curies":[{"name":"wp","href":"https:\/\/api.w.org\/{rel}","templated":true}]}}